{"id":1848,"date":"2018-11-17T07:11:30","date_gmt":"2018-11-17T07:11:30","guid":{"rendered":"http:\/\/192.168.0.250\/business\/?page_id=1848"},"modified":"2021-01-08T06:07:54","modified_gmt":"2021-01-08T05:07:54","slug":"qui-sommes-nous","status":"publish","type":"page","link":"https:\/\/dgf.sn\/index.php\/qui-sommes-nous\/","title":{"rendered":"Qui Sommes-nous ?"},"content":{"rendered":"<p>[vc_row full_width=&#8221;stretch_row&#8221; content_placement=&#8221;middle&#8221; parallax=&#8221;content-moving&#8221; parallax_image=&#8221;627&#8243; css=&#8221;.vc_custom_1542609842417{padding-top: 65px !important;padding-bottom: 65px !important;}&#8221;][vc_column css_animation=&#8221;none&#8221; width=&#8221;1\/2&#8243;][vc_single_image image=&#8221;3939&#8243; img_size=&#8221;full&#8221; style=&#8221;vc_box_rounded&#8221;][\/vc_column][vc_column width=&#8221;1\/2&#8243; css=&#8221;.vc_custom_1544088861967{padding-top: 0px !important;padding-left: 50px !important;}&#8221;]\r\n        <div class=\"rs-heading   vc_custom_1583327565789 mmb-30 \">\r\n        \t<div class=\"title-inner\">\r\n\t            <span style=\"color: #28406d\" class=\"sub-text\">[A Propos de Dieye Global Food]<\/span>\r\n\t            <h2 class=\"title\">Notre facteur cl\u00e9 de r\u00e9ussite est bas\u00e9 sur la confiance que nous accordent les clients gr\u00e2ce \u00e0 nos produits de qualit\u00e9.<\/h2>\r\n\t            \r\n\t        <\/div><\/div>\r\n        <div class=\"rs-heading    \">\r\n        \t<div class=\"title-inner\">\r\n\t            \r\n\t            \r\n\t            \r\n\t        <\/div><div class=\"description\"><p ><\/p>\n<div class=\"_2cuy _3dgx _2vxa\">DIEYE GLOBAL FOOD est connu sur le march\u00e9 gr\u00e2ce \u00e0 nos produits<br \/>\nleaders et l\u00e9gendaires tels que l\u2019ail, l\u2019oignon et les pommes de terre en<br \/>\nprovenance de Hollande.<\/div>\n<div><\/div>\n<div class=\"_2cuy _3dgx _2vxa\">Nous faisons aussi des Frites surgel\u00e9es, de la Viande, du Foie et du Fromage emmental.<\/div>\n<div><\/div>\n<div class=\"_2cuy _3dgx _2vxa\">En \u00e9troite collaboration avec nos fournisseurs pr\u00e9sents partout dans le<br \/>\nmonde, la soci\u00e9t\u00e9 travaille sans cesse sur l\u2019acquisition de nouveaux<br \/>\nproduits haut de gamme pour satisfaire une client\u00e8le de plus en plus<br \/>\nexigeante.<\/div>\n<p><\/p><\/div><\/div><div class=\"rs-btn btn-left\">\r\n\t<a data-onhovercolor=\"#222222\" data-onhoverbg=\"\" data-onleavebg=\"\" data-onleavecolor=\"\" class=\"readon rs_button \" href=\"#\" style =\"font-size:18px;\">En Savoir Plus<\/a>\r\n<\/div>\r\n\r\n[\/vc_column][\/vc_row][vc_row el_id=&#8221;service&#8221; css=&#8221;.vc_custom_1544247052058{padding-top: 65px !important;padding-bottom: 70px !important;}&#8221; el_class=&#8221;shadow-service&#8221;][vc_column]\r\n        <div class=\"rs-heading style4  vc_custom_1583839732714  text-center\">\r\n        \t<div class=\"title-inner\">\r\n\t            <span style=\"color: #28406d\" class=\"sub-text\">[Nos Services]<\/span>\r\n\t            <h2 class=\"title\">Pourquoi nous choisir ?<\/h2>\r\n\t            \r\n\t        <\/div><\/div>[\/vc_column][vc_column width=&#8221;1\/3&#8243;]\r\n<div class=\"services-main rs-services-style4  services-center  \"  data-icon-hover=\"#28406d\" data-icon-hoverbg=\"#e6ce2d\" data-icon-bg=\"#28406d\" data-icon-color=\"#e6ce2d\">\r\n\t\r\n\t<div class=\"services-item\">\r\n\t\t<div class=\"services-icon\">\r\n\t\t\t<i class=\"vc_icon_element-icon vc_li vc_li-diamond\" style=\"color: #e6ce2d;background-color: #28406d;\"><\/i>\r\n\t\t<\/div>\r\n\t\t<div class=\"services-desc\" >\r\n\t\t\t<h4 class=\"services-title\"><a  style=\"color: #28406d;\" data-onhovercolor=\"#222\" data-onleavecolor=\"#28406d\"> Notre expertise <\/a><\/h4>\r\n\t\t\t<p >Vous aimez la qualit\u00e9 des produits<strong> Dieye Global Food<\/strong> vous donne le meilleur pour satisfaire les clients de votre restaurant<\/p>\r\n\t\t<\/div>\r\n\t<\/div>\r\n<\/div>[\/vc_column][vc_column width=&#8221;1\/3&#8243;]\r\n<div class=\"services-main rs-services-style4  services-center  \"  data-icon-hover=\"#28406d\" data-icon-hoverbg=\"#e6ce2d\" data-icon-bg=\"#28406d\" data-icon-color=\"#e6ce2d\">\r\n\t\r\n\t<div class=\"services-item\">\r\n\t\t<div class=\"services-icon\">\r\n\t\t\t<i class=\"vc_icon_element-icon vc_li vc_li-key\" style=\"color: #e6ce2d;background-color: #28406d;\"><\/i>\r\n\t\t<\/div>\r\n\t\t<div class=\"services-desc\" >\r\n\t\t\t<h4 class=\"services-title\"><a  style=\"color: #28406d;\" data-onhovercolor=\"#222\" data-onleavecolor=\"#28406d\"> Notre Mission <\/a><\/h4>\r\n\t\t\t<p >Nous recherchons les meilleurs produits agroalimentaire surgel\u00e9s, frais et secs au s\u00e9n\u00e9gal et dans le monde pour les faire parvenir jusqu&#8217;a vous.<\/p>\r\n\t\t<\/div>\r\n\t<\/div>\r\n<\/div>[\/vc_column][vc_column width=&#8221;1\/3&#8243;]\r\n<div class=\"services-main rs-services-style4  services-center  \"  data-icon-hover=\"#28406d\" data-icon-hoverbg=\"#e6ce2d\" data-icon-bg=\"#28406d\" data-icon-color=\"#e6ce2d\">\r\n\t\r\n\t<div class=\"services-item\">\r\n\t\t<div class=\"services-icon\">\r\n\t\t\t<i class=\"vc_icon_element-icon vc_li vc_li-truck\" style=\"color: #e6ce2d;background-color: #28406d;\"><\/i>\r\n\t\t<\/div>\r\n\t\t<div class=\"services-desc\" >\r\n\t\t\t<h4 class=\"services-title\"><a  style=\"color: #28406d;\" data-onhovercolor=\"#222\" data-onleavecolor=\"#28406d\"> Nos Atouts <\/a><\/h4>\r\n\t\t\t<p >disposant de plusieurs site de plus de 20 000 m\u00b2 avec une logistique de<br \/>\npointe pour assurer une livraison rapide et de qualit\u00e9.<\/p>\r\n\t\t<\/div>\r\n\t<\/div>\r\n<\/div>[\/vc_column][\/vc_row][vc_row full_width=&#8221;stretch_row&#8221; content_placement=&#8221;middle&#8221; css=&#8221;.vc_custom_1583842109949{padding-top: 65px !important;padding-bottom: 100px !important;background-image: url(http:\/\/dgf.sn\/wp-content\/uploads\/2020\/03\/bg_mid-1.png?id=3903) !important;background-position: center !important;background-repeat: no-repeat !important;background-size: cover !important;}&#8221; el_class=&#8221;home2-testimonial&#8221;][vc_column width=&#8221;1\/6&#8243;][\/vc_column][vc_column width=&#8221;2\/3&#8243;][vc_column_text]<\/p>\n<h2 style=\"text-align: center;\">P\u00e9n\u00e9trez de nouveaux\u00a0march\u00e9s, d\u00e9veloppez vos\u00a0r\u00e9f\u00e9rencements et votre\u00a0chiffre d\u2019affaires<\/h2>\n<p>[\/vc_column_text][\/vc_column][vc_column width=&#8221;1\/6&#8243;][\/vc_column][\/vc_row][vc_row full_width=&#8221;stretch_row&#8221; css=&#8221;.vc_custom_1542441288894{padding-top: 30px !important;padding-bottom: 60px !important;background-color: #f4f7fc !important;}&#8221;][vc_column]<div class=\"rs-partner  \">           \r\n\t\t\t\t\t<div class=\"partner-carousel owl-carousel\" data-carousel-options=\"{&quot;nav&quot;:true,&quot;navText&quot;:[&quot;&lt;i class=&#039;fa fa-angle-left&#039;&gt;&lt;\\\/i&gt;&quot;,&quot;&lt;i class=&#039;fa fa-angle-right&#039;&gt;&lt;\\\/i&gt;&quot;],&quot;dots&quot;:false,&quot;autoplay&quot;:true,&quot;autoplayTimeout&quot;:&quot;5000&quot;,&quot;autoplaySpeed&quot;:&quot;200&quot;,&quot;autoplayHoverPause&quot;:true,&quot;loop&quot;:true,&quot;margin&quot;:30,&quot;responsive&quot;:{&quot;0&quot;:{&quot;items&quot;:&quot;1&quot;},&quot;480&quot;:{&quot;items&quot;:&quot;2&quot;},&quot;768&quot;:{&quot;items&quot;:&quot;3&quot;},&quot;992&quot;:{&quot;items&quot;:&quot;5&quot;},&quot;1200&quot;:{&quot;items&quot;:&quot;5&quot;}}}\"><div class=\"partner-item\">\r\n\t\t\t\t<a href=\"\" target=\"_blank\"><img src=\"https:\/\/dgf.sn\/wp-content\/uploads\/2018\/11\/flevotrade_worldwide_food_trader.png\" alt=\"Client_6\"><\/a>\r\n\t\t\t\t<\/div><div class=\"partner-item\">\r\n\t\t\t\t<a href=\"\" target=\"_blank\"><img src=\"https:\/\/dgf.sn\/wp-content\/uploads\/2018\/11\/flevotrade_worldwide_food_trader.png\" alt=\"Client_5\"><\/a>\r\n\t\t\t\t<\/div><div class=\"partner-item\">\r\n\t\t\t\t<a href=\"\" target=\"_blank\"><img src=\"https:\/\/dgf.sn\/wp-content\/uploads\/2018\/11\/flevotrade_worldwide_food_trader.png\" alt=\"Client_4\"><\/a>\r\n\t\t\t\t<\/div><div class=\"partner-item\">\r\n\t\t\t\t<a href=\"\" target=\"_blank\"><img src=\"https:\/\/dgf.sn\/wp-content\/uploads\/2018\/11\/flevotrade_worldwide_food_trader.png\" alt=\"Client_3\"><\/a>\r\n\t\t\t\t<\/div><div class=\"partner-item\">\r\n\t\t\t\t<a href=\"\" target=\"_blank\"><img src=\"https:\/\/dgf.sn\/wp-content\/uploads\/2018\/11\/flevotrade_worldwide_food_trader.png\" alt=\"Client_2\"><\/a>\r\n\t\t\t\t<\/div><div class=\"partner-item\">\r\n\t\t\t\t<a href=\"\" target=\"_blank\"><img src=\"https:\/\/dgf.sn\/wp-content\/uploads\/2018\/11\/flevotrade_worldwide_food_trader.png\" alt=\"Client_1\"><\/a>\r\n\t\t\t\t<\/div><\/div>\r\n\t<\/div>[\/vc_column][\/vc_row]<\/p>\n","protected":false},"excerpt":{"rendered":"<p>[vc_row full_width=&#8221;stretch_row&#8221; content_placement=&#8221;middle&#8221; parallax=&#8221;content-moving&#8221; parallax_image=&#8221;627&#8243; css=&#8221;.vc_custom_1542609842417{padding-top: 65px !important;padding-bottom: 65px !important;}&#8221;][vc_column css_animation=&#8221;none&#8221; width=&#8221;1\/2&#8243;][vc_single_image image=&#8221;3939&#8243; img_size=&#8221;full&#8221; style=&#8221;vc_box_rounded&#8221;][\/vc_column][vc_column width=&#8221;1\/2&#8243; css=&#8221;.vc_custom_1544088861967{padding-top: 0px !important;padding-left: 50px !important;}&#8221;][\/vc_column][\/vc_row][vc_row el_id=&#8221;service&#8221;&#8230;<\/p>\n","protected":false},"author":1,"featured_media":0,"parent":0,"menu_order":0,"comment_status":"closed","ping_status":"closed","template":"","meta":{"footnotes":""},"_links":{"self":[{"href":"https:\/\/dgf.sn\/index.php\/wp-json\/wp\/v2\/pages\/1848"}],"collection":[{"href":"https:\/\/dgf.sn\/index.php\/wp-json\/wp\/v2\/pages"}],"about":[{"href":"https:\/\/dgf.sn\/index.php\/wp-json\/wp\/v2\/types\/page"}],"author":[{"embeddable":true,"href":"https:\/\/dgf.sn\/index.php\/wp-json\/wp\/v2\/users\/1"}],"replies":[{"embeddable":true,"href":"https:\/\/dgf.sn\/index.php\/wp-json\/wp\/v2\/comments?post=1848"}],"version-history":[{"count":9,"href":"https:\/\/dgf.sn\/index.php\/wp-json\/wp\/v2\/pages\/1848\/revisions"}],"predecessor-version":[{"id":3983,"href":"https:\/\/dgf.sn\/index.php\/wp-json\/wp\/v2\/pages\/1848\/revisions\/3983"}],"wp:attachment":[{"href":"https:\/\/dgf.sn\/index.php\/wp-json\/wp\/v2\/media?parent=1848"}],"curies":[{"name":"wp","href":"https:\/\/api.w.org\/{rel}","templated":true}]}}