{"id":1924,"date":"2018-11-19T04:56:03","date_gmt":"2018-11-19T04:56:03","guid":{"rendered":"http:\/\/192.168.0.250\/business\/?page_id=1924"},"modified":"2020-03-10T14:20:13","modified_gmt":"2020-03-10T13:20:13","slug":"contact","status":"publish","type":"page","link":"https:\/\/dgf.sn\/index.php\/contact\/","title":{"rendered":"Contact"},"content":{"rendered":"<p>[vc_row el_id=&#8221;rs-contact&#8221; css=&#8221;.vc_custom_1543998593374{padding-top: 90px !important;padding-bottom: 36px !important;}&#8221;][vc_column]\r\n        <div class=\"rs-heading   vc_custom_1583846051094  text-center\">\r\n        \t<div class=\"title-inner\">\r\n\t            \r\n\t            <h2 class=\"title\">Contactez-nous<\/h2>\r\n\t            \r\n\t        <\/div><div class=\"description\"><p >Vous pouvez contacter notre \u00e9quipe du lundi au vendredi de 9h00 \u00e0 18h00<\/p><\/div><\/div>\r\n       <div class=\"rs-contact\">\r\n        <div class=\"contact-address   vc_custom_1583845858350 text-center style2\"><div class=\"address-item\">\r\n                <div class=\"address-icon\">\r\n                    <i class=\"icon icon-basic-smartphone\"><\/i>\r\n                <\/div>\r\n                <div class=\"address-text\">\r\n                    <h3 class=\"contact-title\">T\u00e9l\u00e9phone<\/h3>\r\n                    <a href= \"tel:+33 855 55 40\">33 855 55 40<\/a>\r\n                <\/div>\r\n            <\/div><div class=\"address-item\">\r\n                    <div class=\"address-icon\">\r\n                        <i class=\"icon icon-basic-mail-multiple\"><\/i>\r\n                    <\/div>\r\n                    <div class=\"address-text\">\r\n                        <h3 class=\"contact-title\">E-Mail<\/h3>\r\n                        <a href= \"mailto:sai@dgf.sn\">sai@dgf.sn<\/a>                   \r\n                    <\/div>\r\n                <\/div><div class=\"address-item\">\r\n                    <div class=\"address-icon\">\r\n                        <i class=\"icon icon-basic-geolocalize-01\"><\/i>\r\n                    <\/div>\r\n                    <div class=\"address-text\">\r\n                        <h3 class=\"contact-title\">Adresse<\/h3>\r\n                        March\u00e9 Gueule Tap\u00e9e 2 Camb\u00e9r\u00e8ne<\/p>\n<p>ROND POINT CASE BI\r\n                    <\/div>\r\n                <\/div><\/div><\/div>\r\n        <div class=\"rs-heading    \">\r\n        \t<div class=\"title-inner\">\r\n\t            \r\n\t            \r\n\t            \r\n\t        <\/div><\/div>[\/vc_column][\/vc_row][vc_row full_width=&#8221;stretch_row&#8221; css=&#8221;.vc_custom_1543998608992{padding-top: 56px !important;padding-bottom: 74px !important;background: #f5f5f5 url(https:\/\/rstheme.com\/products\/wordpress\/finoptis\/wp-content\/uploads\/2018\/12\/contact2.jpg?id=3065) !important;background-position: center !important;background-repeat: no-repeat !important;background-size: cover !important;}&#8221;][vc_column width=&#8221;1\/12&#8243;][\/vc_column][vc_column width=&#8221;5\/6&#8243;]\r\n        <div class=\"rs-heading   vc_custom_1583846019279  text-center\">\r\n        \t<div class=\"title-inner\">\r\n\t            \r\n\t            <h2 class=\"title\">Pour prendre contact directement<\/h2>\r\n\t            \r\n\t        <\/div><div class=\"description\"><p >Remplissez ce formulaire<\/p><\/div><\/div><div role=\"form\" class=\"wpcf7\" id=\"wpcf7-f1926-o1\" lang=\"en-US\" dir=\"ltr\">\n<div class=\"screen-reader-response\"><p role=\"status\" aria-live=\"polite\" aria-atomic=\"true\"><\/p> <ul><\/ul><\/div>\n<form action=\"\/index.php\/wp-json\/wp\/v2\/pages\/1924#wpcf7-f1926-o1\" method=\"post\" class=\"wpcf7-form init\" novalidate=\"novalidate\" data-status=\"init\">\n<div style=\"display: none;\">\n<input type=\"hidden\" name=\"_wpcf7\" value=\"1926\" \/>\n<input type=\"hidden\" name=\"_wpcf7_version\" value=\"5.6.1\" \/>\n<input type=\"hidden\" name=\"_wpcf7_locale\" value=\"en_US\" \/>\n<input type=\"hidden\" name=\"_wpcf7_unit_tag\" value=\"wpcf7-f1926-o1\" \/>\n<input type=\"hidden\" name=\"_wpcf7_container_post\" value=\"0\" \/>\n<input type=\"hidden\" name=\"_wpcf7_posted_data_hash\" value=\"\" \/>\n<\/div>\n<div class=\"contact-page1 row\">\n<div class=\"col-sm-6\"><span class=\"wpcf7-form-control-wrap\" data-name=\"your-name\"><input type=\"text\" name=\"your-name\" value=\"\" size=\"40\" class=\"wpcf7-form-control wpcf7-text wpcf7-validates-as-required\" aria-required=\"true\" aria-invalid=\"false\" placeholder=\"Votre Nom\" \/><\/span><\/div>\n<div class=\"col-sm-6\"><span class=\"wpcf7-form-control-wrap\" data-name=\"your-email\"><input type=\"email\" name=\"your-email\" value=\"\" size=\"40\" class=\"wpcf7-form-control wpcf7-text wpcf7-email wpcf7-validates-as-required wpcf7-validates-as-email\" aria-required=\"true\" aria-invalid=\"false\" placeholder=\"E-Mail\" \/><\/span><\/div>\n<div class=\"col-sm-6\"><span class=\"wpcf7-form-control-wrap\" data-name=\"your-phone\"><input type=\"text\" name=\"your-phone\" value=\"\" size=\"40\" class=\"wpcf7-form-control wpcf7-text wpcf7-validates-as-required\" aria-required=\"true\" aria-invalid=\"false\" placeholder=\"T\u00e9l\u00e9phone\" \/><\/span><\/div>\n<div class=\"col-sm-6\"><span class=\"wpcf7-form-control-wrap\" data-name=\"your-subject\"><input type=\"text\" name=\"your-subject\" value=\"\" size=\"40\" class=\"wpcf7-form-control wpcf7-text wpcf7-validates-as-required\" aria-required=\"true\" aria-invalid=\"false\" placeholder=\"Objet\" \/><\/span><\/div>\n<div class=\"col-sm-12\"><span class=\"wpcf7-form-control-wrap\" data-name=\"your-message\"><textarea name=\"your-message\" cols=\"40\" rows=\"10\" class=\"wpcf7-form-control wpcf7-textarea\" aria-invalid=\"false\" placeholder=\"Tapez votre message\"><\/textarea><\/span><\/div>\n<div class=\"form-button col-sm-12\">\n<p class=\"submit-btn\"><input type=\"submit\" value=\"Envoyer\" class=\"wpcf7-form-control has-spinner wpcf7-submit\" \/><i class=\"fa fa-chevron-right\"><\/i><\/p>\n<\/div>\n<\/div>\n<p style=\"display: none !important;\"><label>&#916;<textarea name=\"_wpcf7_ak_hp_textarea\" cols=\"45\" rows=\"8\" maxlength=\"100\"><\/textarea><\/label><input type=\"hidden\" id=\"ak_js_1\" name=\"_wpcf7_ak_js\" value=\"158\"\/><script>document.getElementById( \"ak_js_1\" ).setAttribute( \"value\", ( new Date() ).getTime() );<\/script><\/p><div class=\"wpcf7-response-output\" aria-hidden=\"true\"><\/div><\/form><\/div>[\/vc_column][vc_column width=&#8221;1\/12&#8243;][\/vc_column][\/vc_row][vc_row full_width=&#8221;stretch_row_content_no_spaces&#8221; el_class=&#8221;google-map&#8221; css=&#8221;.vc_custom_1543392580935{padding-top: 0px !important;padding-right: 0px !important;padding-bottom: 0px !important;padding-left: 0px !important;}&#8221; el_id=&#8221;google-map&#8221;][vc_column css=&#8221;.vc_custom_1543910139263{margin-top: 0px !important;padding-top: 0px !important;}&#8221;][vc_gmaps link=&#8221;#E-8_JTNDaWZyYW1lJTIwd2lkdGglM0QlMjI2MDAlMjIlMjBoZWlnaHQlM0QlMjI1MDAlMjIlMjBpZCUzRCUyMmdtYXBfY2FudmFzJTIyJTIwc3JjJTNEJTIyaHR0cHMlM0ElMkYlMkZtYXBzLmdvb2dsZS5jb20lMkZtYXBzJTNGcSUzRGRpZXllJTI1MjBnbG9iYWwlMjUyMGZvb2QlMjZ0JTNEJTI2eiUzRDE5JTI2aWUlM0RVVEY4JTI2aXdsb2MlM0QlMjZvdXRwdXQlM0RlbWJlZCUyMiUyMGZyYW1lYm9yZGVyJTNEJTIyMCUyMiUyMHNjcm9sbGluZyUzRCUyMm5vJTIyJTIwbWFyZ2luaGVpZ2h0JTNEJTIyMCUyMiUyMG1hcmdpbndpZHRoJTNEJTIyMCUyMiUzRSUzQyUyRmlmcmFtZSUzRSUzQw==&#8221; css=&#8221;.vc_custom_1583846163161{margin-top: 0px !important;padding-top: 0px !important;}&#8221;][\/vc_column][\/vc_row]<\/p>\n","protected":false},"excerpt":{"rendered":"<p>[vc_row el_id=&#8221;rs-contact&#8221; css=&#8221;.vc_custom_1543998593374{padding-top: 90px !important;padding-bottom: 36px !important;}&#8221;][vc_column][\/vc_column][\/vc_row][vc_row full_width=&#8221;stretch_row&#8221; css=&#8221;.vc_custom_1543998608992{padding-top: 56px !important;padding-bottom: 74px !important;background: #f5f5f5 url(https:\/\/rstheme.com\/products\/wordpress\/finoptis\/wp-content\/uploads\/2018\/12\/contact2.jpg?id=3065) !important;background-position: center !important;background-repeat: no-repeat !important;background-size: cover !important;}&#8221;][vc_column&#8230;<\/p>\n","protected":false},"author":1,"featured_media":0,"parent":0,"menu_order":0,"comment_status":"closed","ping_status":"closed","template":"","meta":{"footnotes":""},"_links":{"self":[{"href":"https:\/\/dgf.sn\/index.php\/wp-json\/wp\/v2\/pages\/1924"}],"collection":[{"href":"https:\/\/dgf.sn\/index.php\/wp-json\/wp\/v2\/pages"}],"about":[{"href":"https:\/\/dgf.sn\/index.php\/wp-json\/wp\/v2\/types\/page"}],"author":[{"embeddable":true,"href":"https:\/\/dgf.sn\/index.php\/wp-json\/wp\/v2\/users\/1"}],"replies":[{"embeddable":true,"href":"https:\/\/dgf.sn\/index.php\/wp-json\/wp\/v2\/comments?post=1924"}],"version-history":[{"count":2,"href":"https:\/\/dgf.sn\/index.php\/wp-json\/wp\/v2\/pages\/1924\/revisions"}],"predecessor-version":[{"id":3921,"href":"https:\/\/dgf.sn\/index.php\/wp-json\/wp\/v2\/pages\/1924\/revisions\/3921"}],"wp:attachment":[{"href":"https:\/\/dgf.sn\/index.php\/wp-json\/wp\/v2\/media?parent=1924"}],"curies":[{"name":"wp","href":"https:\/\/api.w.org\/{rel}","templated":true}]}}